{"id":210,"date":"2018-05-23T00:02:59","date_gmt":"2018-05-22T22:02:59","guid":{"rendered":"http:\/\/www.forgus-club.de\/?page_id=210"},"modified":"2023-03-07T08:46:21","modified_gmt":"2023-03-07T07:46:21","slug":"datenschutz","status":"publish","type":"page","link":"http:\/\/www.forgus-club.de\/sv\/datenschutz\/","title":{"rendered":"Privacy Policy"},"content":{"rendered":"<p><strong>Privacy Policy<\/strong><\/p>\n<p>Denna integritetspolicy g\u00e4ller f\u00f6r databehandling av:<\/p>\n<p><strong>Ansvarig<\/strong>: Michael L\u00fcdtke., E-post: mail (at) forgus-club.de<\/p>\n<p><strong>F\u00f6r insamling och lagring av personuppgifter samt arten och syftet med deras anv\u00e4ndning<\/strong><\/p>\n<p>N\u00e4r du bes\u00f6ker v\u00e5r hemsida www.forgus-club.de, skickar webbl\u00e4saren som anv\u00e4nds p\u00e5 din enhet automatiskt information till servern p\u00e5 v\u00e5r hemsida. Denna information lagras tillf\u00e4lligt i en s\u00e5 kallad loggfil. F\u00f6ljande information kommer att samlas in utan deras ingripande och lagras tills automatiserad radering:<\/p>\n<p>&#8211; IP-adress f\u00f6r den beg\u00e4rande datorn,<\/p>\n<p>&#8211; Datum och tid f\u00f6r tilltr\u00e4de,<\/p>\n<p>&#8211; Namn och URL f\u00f6r den h\u00e4mtade filen<\/p>\n<p>&#8211; Webbplats fr\u00e5n vilken \u00e5tkomst sker (referreringsadress)<\/p>\n<p>&#8211; Webbl\u00e4sare som anv\u00e4nds och, om till\u00e4mpligt, operativsystemet p\u00e5 din dator samt namnet p\u00e5 din operat\u00f6r<\/p>\n<p>Uppgifterna behandlas av oss f\u00f6r f\u00f6ljande \u00e4ndam\u00e5l:<\/p>\n<p>&#8211; S\u00e4kerst\u00e4lla en smidig anslutning av webbplatsen<\/p>\n<p>&#8211; S\u00f6rja f\u00f6r bekv\u00e4m anv\u00e4ndning av v\u00e5r hemsida<\/p>\n<p>&#8211; Utv\u00e4rdering av systemets s\u00e4kerhet och stabilitet ocks\u00e5<\/p>\n<p>&#8211; F\u00f6r ytterligare administrativa \u00e4ndam\u00e5l<\/p>\n<p>Googles Captcha-verktyg integrerades f\u00f6r att m\u00f6jligg\u00f6ra automatiska f\u00f6rs\u00f6k att f\u00e5 tillg\u00e5ng till webbplatsen. Teckensnitt fr\u00e5n Google kan ocks\u00e5 integreras. Detta skickar \u00e4ven ovanst\u00e5ende data till motsvarande Google-server i USA.<\/p>\n<p>Om du inte godk\u00e4nner dessa dataskydds- och behandlingsregler, v\u00e4nligen radera ditt konto.<\/p>\n<p>Den r\u00e4ttsliga grunden f\u00f6r databehandling \u00e4r artikel 6 para 1 s. 1 lit. f DSGVO. V\u00e5rt ber\u00e4ttigade intresse f\u00f6ljer av de uppgiftsinsamlings\u00e4ndam\u00e5l som anges ovan. I inget fall anv\u00e4nder vi de samlade uppgifterna f\u00f6r att dra slutsatser om dig.<\/p>\n<p><strong>Genom att anv\u00e4nda v\u00e5r registrering<\/strong><\/p>\n<p>Jag erbjuder medlemmar m\u00f6jlighet att bes\u00f6ka andra webbplatser exklusivt, kommentera artiklar och skapa egna belopp, om de registrerar sig i enlighet d\u00e4rmed. Ange en giltig e-postadress kr\u00e4vs s\u00e5 att vi vet vem f\u00f6rfr\u00e5gan eller inl\u00e4gget \u00e4r fr\u00e5n och att svara p\u00e5 det. Ytterligare information kan l\u00e4mnas frivilligt. L\u00f6senordet skickas till den h\u00e4r e-postadressen.<\/p>\n<p>Databehandlingen f\u00f6r registrering och \/ eller kontakt med oss \u200b\u200bsker i enlighet med artikel 6 para 1 s. 1 lit. en DSGVO p\u00e5 grundval av sitt frivilligt beviljade samtycke.<\/p>\n<p>De personuppgifter som samlas in av oss f\u00f6r anv\u00e4ndningen av registreringen raderas automatiskt efter radering av registreringen.<\/p>\n<p><strong>Uppgiftsl\u00e4mnande<\/strong><\/p>\n<p>En \u00f6verf\u00f6ring av dina personuppgifter till tredje part f\u00f6r andra \u00e4ndam\u00e5l \u00e4n de som anges nedan \u00e4ger inte rum.<\/p>\n<p>Vi delar endast din personliga information med tredje part om:<\/p>\n<p>&#8211; du \u00e4r enligt artikel 6 para 1 s. 1 lit. en DSGVO har uttryckligen medgivit detta<\/p>\n<p>&#8211; Upplysningar enligt artikel 6 para 1 mening 1 lit. f DSGVO \u00e4r skyldig att h\u00e4vda, ut\u00f6va eller f\u00f6rsvara r\u00e4ttsliga p\u00e5st\u00e5enden och det finns ingen anledning att tro att de har ett \u00f6verv\u00e4gande legitimt intresse att inte avsl\u00f6ja sina uppgifter,<\/p>\n<p>&#8211; I h\u00e4ndelse av att upplysningen enligt artikel 6 f\u00f6rsta stycket punkt 1 \u00e4r upplyst. c DSGVO \u00e4r ocks\u00e5 en juridisk skyldighet<\/p>\n<p>&#8211; Detta \u00e4r till\u00e5tet enligt lag och enligt artikel 6 para 1 punkt 1 lit. B DSGVO kr\u00e4vs f\u00f6r avveckling av avtalsf\u00f6rh\u00e5llanden med dig.<\/p>\n<p><strong>Analysverktyg och sp\u00e5rningsverktyg<\/strong><\/p>\n<p>Sp\u00e5rnings\u00e5tg\u00e4rderna som anges nedan och anv\u00e4nds av oss \u00e4r baserade p\u00e5 artikel 6 para 1 mening 1 lit. f DSGVO. Vi vill se till att de anv\u00e4nda sp\u00e5rnings\u00e5tg\u00e4rderna \u00e4r skr\u00e4ddarsydda f\u00f6r behoven och den fortsatta optimeringen av v\u00e5r hemsida. \u00c5 andra sidan anv\u00e4nder vi sp\u00e5rnings\u00e5tg\u00e4rderna f\u00f6r att statistiskt registrera anv\u00e4ndningen av v\u00e5r webbplats och utv\u00e4rdera den f\u00f6r att optimera v\u00e5rt erbjudande. Dessa intressen ska betraktas som motiverade i den mening som avses i ovann\u00e4mnda best\u00e4mmelse.<\/p>\n<p>De respektive databehandlings\u00e4ndam\u00e5len och datakategorierna finns i motsvarande sp\u00e5rningsverktyg.<\/p>\n<p><strong>p\u00e5verkade r\u00e4ttigheter<\/strong><\/p>\n<p>Du har r\u00e4tt:<\/p>\n<p>&#8211; I enlighet med artikel 15 DSGVO, att beg\u00e4ra information om dina personuppgifter behandlade av oss. De f\u00e5r i synnerhet l\u00e4mna uppgifter om f\u00f6r\u00e4dlings\u00e4ndam\u00e5l, kategorin personuppgifter, kategorier av mottagare till vilka uppgifterna har l\u00e4mnats, planerad retentionstid, r\u00e4tten att r\u00e4tta till, radera, begr\u00e4nsa behandlingen eller motst\u00e5ndet, f\u00f6rekomsten av en R\u00e4tten att klaga, k\u00e4llan till deras uppgifter, om de inte samlas in fr\u00e5n oss, och f\u00f6rekomsten av automatiserat beslutsfattande, inklusive bevisavvisande och i f\u00f6rekommande fall meningsfull information om deras uppgifter.<\/p>\n<p>&#8211; I enlighet med artikel 16 DSGVO beg\u00e4r omedelbart r\u00e4ttelse av felaktiga eller slutf\u00f6rda personuppgifter lagrade av oss.<\/p>\n<p>&#8211; I enlighet med artikel 17 DSGVO, att kr\u00e4va att dina personuppgifter sparas av oss, s\u00e5vida inte behandlingen f\u00f6r att ut\u00f6va r\u00e4tten till yttrandefrihet och information,\u00a0n\u00f6dv\u00e4ndigt f\u00f6r att uppfylla en r\u00e4ttslig skyldighet, av sk\u00e4l av allm\u00e4nt intresse eller f\u00f6r att h\u00e4vda, ut\u00f6va eller f\u00f6rsvara r\u00e4ttsliga krav<\/p>\n<p>-. Enligt artikel 18 begr\u00e4nsa behandlingen av deras personuppgifter DSGVO till efterfr\u00e5gan n\u00e4r det g\u00e4ller riktigheten av information om du nekas, \u00e4r behandlingen olagliga, men de v\u00e4grar att avbryta och vi inte l\u00e4ngre beh\u00f6ver data, men dessa f\u00f6r att uppr\u00e4tta, Ut\u00f6vande eller f\u00f6rsvar av r\u00e4ttsliga p\u00e5st\u00e5enden eller har gjort inv\u00e4ndningar mot behandlingen enligt 21 \u00a7 GDPR;<\/p>\n<p>&#8211; I enlighet med artikel 20 GDPR, att ta emot dina personuppgifter som l\u00e4mnas till oss i ett strukturerat, gemensamt och maskinl\u00e4sbart format eller att beg\u00e4ra \u00f6verf\u00f6ringen till en annan ansvarig person<\/p>\n<p>&#8211; I enlighet med artikel 7 punkt 3 har DSGVO en g\u00e5ng givit sitt samtycke till att \u00e5terkalla mot oss n\u00e4r som helst. Som ett resultat kommer databehandling baserat p\u00e5 detta samtycke inte att forts\u00e4tta i framtiden, och<\/p>\n<p>&#8211; Enligt artikel 77 GDPR att klaga till en tillsynsmyndighet. Som regel kan de kontakta tillsynsmyndigheten i deras vanliga bostadsort eller sitt arbete eller v\u00e5r f\u00f6renings s\u00e4te.<\/p>\n<p><strong>r\u00e4tt till<\/strong><\/p>\n<p>Om dina personuppgifter baseras p\u00e5 legitima intressen i enlighet med artikel 6 para 1 punkt 1 lit. f DSGVO behandlas, du har r\u00e4tt, i enlighet med Art. 21 insats DSGVO inv\u00e4nda mot behandlingen av deras personuppgifter i den m\u00e5n det finns sk\u00e4l f\u00f6r det, till f\u00f6ljd av deras specifika situation eller opposition mot direkt reklam riktad. I det senare fallet har de en allm\u00e4n motst\u00e5ndsr\u00e4tt, som genomf\u00f6rs av oss utan att specificera n\u00e5gon speciell situation.<\/p>\n<p>Om du vill utnyttja din r\u00e4tt till \u00e5terkallelse eller inv\u00e4ndning, skicka ett mail till mail (at) forgus-club.de.<\/p>\n<p><strong>datas\u00e4kerhet<\/strong><\/p>\n<p>Vi anv\u00e4nder resten av l\u00e4mpliga tekniska och organisatoriska s\u00e4kerhets\u00e5tg\u00e4rder f\u00f6r att skydda data mot oavsiktlig eller avsiktlig manipulation, helt eller delvis f\u00f6rlust, f\u00f6rst\u00f6relse eller obeh\u00f6rig \u00e5tkomst av tredje part. V\u00e5ra s\u00e4kerhets\u00e5tg\u00e4rder f\u00f6rb\u00e4ttras st\u00e4ndigt i linje med den tekniska utvecklingen.<\/p>\n<p>Uppdatering och \u00e4ndring av detta databeskyttningsf\u00f6rklaring<\/p>\n<p>Denna sekretesspolicy \u00e4r f\u00f6r n\u00e4rvarande g\u00e4llande och g\u00e4ller fr\u00e5n och med maj 2018.<\/p>\n<p>Som ett resultat av utvecklingen av v\u00e5r hemsida och erbjudanden d\u00e4rav eller p\u00e5 grund av \u00e4ndrade lagar eller lagarkrav kan det vara n\u00f6dv\u00e4ndigt att \u00e4ndra denna sekretesspolicy. Den nuvarande sekretesspolicyen kan n\u00e4r som helst n\u00e5s och skrivas ut av dig p\u00e5 webbplatsen p\u00e5 http:\/\/www.forgus-club.de\/privacypolicy<\/p>","protected":false},"excerpt":{"rendered":"<p>Privacy Policy Denna integritetspolicy g\u00e4ller f\u00f6r databehandling av: Ansvarig: Michael L\u00fcdtke., E-post: mail (at) forgus-club.de F\u00f6r insamling och lagring av personuppgifter samt arten och syftet med deras anv\u00e4ndning N\u00e4r du bes\u00f6ker v\u00e5r hemsida www.forgus-club.de, skickar webbl\u00e4saren som anv\u00e4nds p\u00e5 din enhet automatiskt information till servern p\u00e5 v\u00e5r hemsida. Denna information lagras tillf\u00e4lligt i en s\u00e5 &hellip; <\/p>\n<p class=\"link-more\"><a href=\"http:\/\/www.forgus-club.de\/sv\/datenschutz\/\" class=\"more-link\">Forts\u00e4tt l\u00e4sa<span class=\"screen-reader-text\"> \u201dPrivacy Policy\u201d<\/span><\/a><\/p>\n","protected":false},"author":1,"featured_media":0,"parent":0,"menu_order":0,"comment_status":"closed","ping_status":"closed","template":"","meta":{"jetpack_post_was_ever_published":false,"footnotes":""},"class_list":["post-210","page","type-page","status-publish","hentry"],"jetpack_shortlink":"https:\/\/wp.me\/P9bjX2-3o","jetpack_likes_enabled":true,"jetpack-related-posts":[],"jetpack_sharing_enabled":true,"_links":{"self":[{"href":"http:\/\/www.forgus-club.de\/sv\/wp-json\/wp\/v2\/pages\/210","targetHints":{"allow":["GET"]}}],"collection":[{"href":"http:\/\/www.forgus-club.de\/sv\/wp-json\/wp\/v2\/pages"}],"about":[{"href":"http:\/\/www.forgus-club.de\/sv\/wp-json\/wp\/v2\/types\/page"}],"author":[{"embeddable":true,"href":"http:\/\/www.forgus-club.de\/sv\/wp-json\/wp\/v2\/users\/1"}],"replies":[{"embeddable":true,"href":"http:\/\/www.forgus-club.de\/sv\/wp-json\/wp\/v2\/comments?post=210"}],"version-history":[{"count":4,"href":"http:\/\/www.forgus-club.de\/sv\/wp-json\/wp\/v2\/pages\/210\/revisions"}],"predecessor-version":[{"id":488,"href":"http:\/\/www.forgus-club.de\/sv\/wp-json\/wp\/v2\/pages\/210\/revisions\/488"}],"wp:attachment":[{"href":"http:\/\/www.forgus-club.de\/sv\/wp-json\/wp\/v2\/media?parent=210"}],"curies":[{"name":"wp","href":"https:\/\/api.w.org\/{rel}","templated":true}]}}